{"id":385,"date":"2024-01-03T11:25:54","date_gmt":"2024-01-03T11:25:54","guid":{"rendered":"https:\/\/ra-baltus.de\/?page_id=385"},"modified":"2024-01-03T11:31:46","modified_gmt":"2024-01-03T11:31:46","slug":"datenschutz","status":"publish","type":"page","link":"https:\/\/ra-baltus.de\/?page_id=385","title":{"rendered":"Datenschutz"},"content":{"rendered":"\t\t<div data-elementor-type=\"wp-page\" data-elementor-id=\"385\" class=\"elementor elementor-385\" data-elementor-post-type=\"page\">\n\t\t\t\t\t\t\t<div class=\"elementor-element elementor-element-6a99fa7 e-con-full e-flex e-con e-parent\" data-id=\"6a99fa7\" data-element_type=\"container\" data-settings=\"{&quot;content_width&quot;:&quot;full&quot;}\" data-core-v316-plus=\"true\">\n\t\t<div class=\"elementor-element elementor-element-dbf1e90 e-flex e-con-boxed e-con e-child\" data-id=\"dbf1e90\" data-element_type=\"container\" data-settings=\"{&quot;background_background&quot;:&quot;classic&quot;,&quot;content_width&quot;:&quot;boxed&quot;}\">\n\t\t\t\t\t<div class=\"e-con-inner\">\n\t\t<div class=\"elementor-element elementor-element-624d77a e-con-full animated-slow e-flex elementor-invisible e-con e-child\" data-id=\"624d77a\" data-element_type=\"container\" data-settings=\"{&quot;content_width&quot;:&quot;full&quot;,&quot;animation&quot;:&quot;fadeIn&quot;}\">\n\t\t\t\t<div class=\"elementor-element elementor-element-6ee715a elementor-widget elementor-widget-button\" data-id=\"6ee715a\" data-element_type=\"widget\" data-widget_type=\"button.default\">\n\t\t\t\t<div class=\"elementor-widget-container\">\n\t\t\t\t\t<div class=\"elementor-button-wrapper\">\n\t\t\t<a class=\"elementor-button elementor-button-link elementor-size-sm\" href=\"http:\/\/www.ra-baltus.de\">\n\t\t\t\t\t\t<span class=\"elementor-button-content-wrapper\">\n\t\t\t\t\t\t<span class=\"elementor-button-text\">zur Startseite<\/span>\n\t\t<\/span>\n\t\t\t\t\t<\/a>\n\t\t<\/div>\n\t\t\t\t<\/div>\n\t\t\t\t<\/div>\n\t\t\t\t<div class=\"elementor-element elementor-element-743a7cf elementor-widget elementor-widget-heading\" data-id=\"743a7cf\" data-element_type=\"widget\" data-widget_type=\"heading.default\">\n\t\t\t\t<div class=\"elementor-widget-container\">\n\t\t\t<style>\/*! elementor - v3.18.0 - 20-12-2023 *\/\n.elementor-heading-title{padding:0;margin:0;line-height:1}.elementor-widget-heading .elementor-heading-title[class*=elementor-size-]>a{color:inherit;font-size:inherit;line-height:inherit}.elementor-widget-heading .elementor-heading-title.elementor-size-small{font-size:15px}.elementor-widget-heading .elementor-heading-title.elementor-size-medium{font-size:19px}.elementor-widget-heading .elementor-heading-title.elementor-size-large{font-size:29px}.elementor-widget-heading .elementor-heading-title.elementor-size-xl{font-size:39px}.elementor-widget-heading .elementor-heading-title.elementor-size-xxl{font-size:59px}<\/style><h2 class=\"elementor-heading-title elementor-size-default\">Datenschutz<\/h2>\t\t<\/div>\n\t\t\t\t<\/div>\n\t\t\t\t<\/div>\n\t\t\t\t\t<\/div>\n\t\t\t\t<\/div>\n\t\t\t\t<\/div>\n\t\t<div class=\"elementor-element elementor-element-332f04d e-flex e-con-boxed e-con e-parent\" data-id=\"332f04d\" data-element_type=\"container\" data-settings=\"{&quot;content_width&quot;:&quot;boxed&quot;}\" data-core-v316-plus=\"true\">\n\t\t\t\t\t<div class=\"e-con-inner\">\n\t\t<div class=\"elementor-element elementor-element-ca81e84 e-con-full animated-slow e-flex elementor-invisible e-con e-child\" data-id=\"ca81e84\" data-element_type=\"container\" data-settings=\"{&quot;content_width&quot;:&quot;full&quot;,&quot;animation&quot;:&quot;fadeIn&quot;}\">\n\t\t\t\t<div class=\"elementor-element elementor-element-e280130 elementor-widget elementor-widget-text-editor\" data-id=\"e280130\" data-element_type=\"widget\" data-widget_type=\"text-editor.default\">\n\t\t\t\t<div class=\"elementor-widget-container\">\n\t\t\t<style>\/*! elementor - v3.18.0 - 20-12-2023 *\/\n.elementor-widget-text-editor.elementor-drop-cap-view-stacked .elementor-drop-cap{background-color:#69727d;color:#fff}.elementor-widget-text-editor.elementor-drop-cap-view-framed .elementor-drop-cap{color:#69727d;border:3px solid;background-color:transparent}.elementor-widget-text-editor:not(.elementor-drop-cap-view-default) .elementor-drop-cap{margin-top:8px}.elementor-widget-text-editor:not(.elementor-drop-cap-view-default) .elementor-drop-cap-letter{width:1em;height:1em}.elementor-widget-text-editor .elementor-drop-cap{float:left;text-align:center;line-height:1;font-size:50px}.elementor-widget-text-editor .elementor-drop-cap-letter{display:inline-block}<\/style>\t\t\t\t<p>Rechtsanw\u00e4ltin Christiane Baltus-Michaelsen<\/p><p><br \/>1. Name und Kontaktdaten des f\u00fcr die Verarbeitung Verantwortlichen sowie des betrieblichen Datenschutzbeauftragten<\/p><p>Verantwortliche: Rechtsanw\u00e4ltin Christiane Baltus-Michaelsen (im Folgenden: RAin Baltus), Eschweilerstra\u00dfe 2, 40547 D\u00fcsseldorf, Deutschland. E-Mail: cb@ra-baltus.de, Telefon: 0177\/2333706.<\/p><p>Datenschutzbeauftragte: Der betriebliche Datenschutzbeauftragte ist unter der oben genannten Anschrift, beziehungsweise unter cb@ra-baltus.de erreichbar.<\/p><p>2. Erhebung und Speicherung personenbezogener Daten sowie Art und Zweck von deren Verwendung<br \/>a) Erhebung von Daten bei Besuch meiner Website<br \/>Beim Aufrufen der Website www.ra-baltus.de werden durch den auf Ihrem Endger\u00e4t zum Einsatz kommenden Browser automatisch Informationen an den Server der Website gesendet. Diese Informationen werden tempor\u00e4r in einem sog. Logfile gespeichert. Folgende Informationen werden dabei ohne Ihr Zutun erfasst und bis zur automatisierten L\u00f6schung gespeichert:<\/p><p>IP-Adresse des anfragenden Rechners<br \/>Datum und Uhrzeit des Zugriffs,<br \/>Name und URL der abgerufenen Datei,<br \/>Website, von der aus der Zugriff erfolgt (URL),<br \/>verwendeter Browser und ggf. das Betriebssystem Ihres Rechners sowie der Name Ihres Access-Providers und<br \/>sonstige \u00e4hnliche Daten, die der Gefahrenabwehr im Fall von Angriffen auf informationstechnologische Systeme dienen.<\/p><p>Die genannten Daten werden durch RAin Baltus zu folgenden Zwecken verarbeitet:<\/p><p>Gew\u00e4hrleistung eines reibungslosen Verbindungsaufbaus der Website,<br \/>Gew\u00e4hrleistung einer komfortablen Nutzung der Website,<br \/>Auswertung der Systemsicherheit und -stabilit\u00e4t sowie<br \/>zu weiteren administrativen Zwecken, wie etwa der Gew\u00e4hrleistung der dauerhaften Funktionsf\u00e4higkeit der Internetseite.<\/p><p>Die IP-Adresse wird in den Logfiles verschl\u00fcsselt gespeichert, sodass keine R\u00fcckverfolgung zu Ihrem Rechner m\u00f6glich ist. Die anonymen Daten der Server-Logfiles werden getrennt von allen durch eine betroffene Person angegebenen personenbezogenen Daten gespeichert. Die Rechtsgrundlage f\u00fcr die Datenverarbeitung ist Art. 6 Abs. 1 S. 1 lit. f DSGVO. Das berechtigte Interesse zur Erhebung der Daten folgt aus oben aufgelisteten Zwecken zur Datenerhebung und dient letztlich dazu, ein optimales Schutzniveau f\u00fcr die von RAin Baltus verarbeiteten personenbezogenen Daten sicherzustellen. In keinem Fall werden die erhobenen Daten zu dem Zweck, R\u00fcckschl\u00fcsse auf Ihre Person zu ziehen, verwendet.<\/p><p>Dar\u00fcber hinaus werden beim Besuch der Website Cookies eingesetzt. N\u00e4here Erl\u00e4uterungen dazu erhalten Sie unter der Ziff. 5 dieser Datenschutzerkl\u00e4rung.<\/p><p>b) Erhebung von Daten bei elektronischer oder anderweitiger Kontaktaufnahme<br \/>Soweit Sie elektronisch, telefonisch oder pers\u00f6nlich mit RAin Baltus in Kontakt treten, werden die von Ihnen \u00fcbermittelten personenbezogenen Daten zu Zwecken der Bearbeitung und Beantwortung Ihrer Anfrage gespeichert. Eine Weitergabe an Dritte erfolgt nicht. Rechtsgrundlage f\u00fcr die Datenverarbeitung ist Art. 6 Abs. 1 S. 1 lit. b DSGVO. Ihre Daten werden nach Beantwortung der Anfrage gel\u00f6scht, es sei denn, dass RAin Baltus nach Art. 6 Abs. 1 DSGVO zu einer l\u00e4ngeren Aufbewahrung \u2013 etwa aufgrund einer sich anschlie\u00dfenden Mandatierung \u2013 berechtigt oder verpflichtet ist. In diesen F\u00e4llen werden Sie \u00fcber die weitergehende Datenverarbeitung von Mitarbeitern von RAin Baltus gesondert pers\u00f6nlich informiert.<\/p><p>3. Routinem\u00e4\u00dfig L\u00f6schung von personenbezogenen Daten<\/p><p>Personenbezogene Daten der jeweilig betroffenen Personen werden bei RAin Baltus nur f\u00fcr den Zeitraum, der zur Erreichung des Speicherungszwecks erforderlich oder gesetzlich vorgeschrieben ist, verarbeitet oder gespeichert. Kriterium f\u00fcr die Dauer der Speicherung sind dabei insbesondere gesetzliche Aufbewahrungsfristen.<\/p><p>Entf\u00e4llt der Speicherungszweck oder l\u00e4uft eine gesetzlich vorgeschriebene Speicherfrist ab, werden die personenbezogenen Daten routinem\u00e4\u00dfig und entsprechend den gesetzlichen Vorschriften gel\u00f6scht.<\/p><p>4. Weitergabe von Daten<\/p><p>Eine \u00dcbermittlung Ihrer pers\u00f6nlichen Daten an Dritte zu anderen als den im Folgenden aufgef\u00fchrten Zwecken findet nicht statt. RAin Baltus gibt Ihre pers\u00f6nlichen Daten nur an Dritte weiter, wenn:<\/p><p>Sie Ihre nach Art. 6 Abs. 1 S. 1 lit. a DSGVO ausdr\u00fcckliche Einwilligung dazu erteilt haben,<br \/>die Weitergabe nach Art. 6 Abs. 1 S. 1 lit. f DSGVO zur Geltendmachung, Aus\u00fcbung oder Verteidigung von Rechtsanspr\u00fcchen erforderlich ist und kein Grund zur Annahme besteht, dass Sie ein \u00fcberwiegendes schutzw\u00fcrdiges Interesse an der Nichtweitergabe Ihrer Daten haben,<br \/>f\u00fcr die Weitergabe nach Art. 6 Abs. 1 S. 1 lit. c DSGVO eine gesetzliche Verpflichtung besteht, sowie<br \/>dies gesetzlich zul\u00e4ssig und nach Art. 6 Abs. 1 S. 1 lit. b DSGVO f\u00fcr die Abwicklung von Vertragsverh\u00e4ltnissen mit Ihnen erforderlich ist.<\/p><p><br \/>5. Cookies<\/p><p>RAin Baltus setzt auf der Website Cookies ein. Hierbei handelt es sich um kleine Dateien, die Ihr Browser automatisch erstellt und die auf Ihrem Endger\u00e4t (Laptop, Tablet, Smartphone o. \u00e4.) gespeichert werden, wenn Sie die Website besuchen. Cookies richten auf Ihrem Endger\u00e4t keinen Schaden an, enthalten keine Viren, Trojaner oder sonstige Schadsoftware. In dem Cookie werden Informationen abgelegt, die sich jeweils im Zusammenhang mit dem spezifisch eingesetzten Endger\u00e4t ergeben. Dies bedeutet jedoch nicht, dass RAin Baltus dadurch unmittelbar Kenntnis von Ihrer Identit\u00e4t erh\u00e4lt. Der Einsatz von Cookies dient einerseits dazu, die Nutzung der Website f\u00fcr Sie angenehmer zu gestalten. So setzt RAin Baltus sog. Session-Cookies ein, um zu erkennen, dass Sie einzelne Seiten unserer Website bereits besucht haben. Dar\u00fcber hinaus setzt RAin Baltus ebenfalls zur Optimierung der Benutzerfreundlichkeit tempor\u00e4re Cookies ein, die f\u00fcr einen bestimmten festgelegten Zeitraum auf Ihrem Endger\u00e4t gespeichert werden. Besuchen Sie die Website von RAin Baltus erneut, wird automatisch erkannt, dass Sie bereits auf der Website waren und welche Eingaben und Einstellungen Sie get\u00e4tigt haben, um diese nicht noch einmal eingeben zu m\u00fcssen. Die meisten Browser akzeptieren Cookies automatisch. Sie k\u00f6nnen Ihren Browser jedoch so konfigurieren, dass keine Cookies auf Ihrem Computer gespeichert werden oder stets ein Hinweis erscheint, bevor ein neues Cookie angelegt wird. Die vollst\u00e4ndige Deaktivierung von Cookies kann jedoch dazu f\u00fchren, dass die Website Ihnen in Teilen fehlerhaft angezeigt wird.<\/p><p>6. Plugins und Tools<br \/>Diese Seite nutzt \u00fcber eine API den Kartendienst Google Maps. Anbieter ist die Google Inc, 1600 Amphitheatre Parkway, Mountain View, CA 94043, USA.<\/p><p>Zur Nutzung der Funktionen von Google Maps ist es notwendig, Ihre IP-Adresse zu speichern. Diese Informationen werden in der Regel an einen Server von Google in den USA \u00fcbertragen und dort gespeichert. Der Anbieter dieser Seite hat keinen Einfluss auf diese Daten\u00fcbertragung.<\/p><p>Die Nutzung von Google Maps erfolgt im Interesse einer ansprechenden Darstellung unserer Online-Angebote und an einer leichten Auffindbarkeit der von uns auf der Website angegebenen Orte. Dies stellt ein berechtigtes Interesse im Sinne von Art. 6 Abs. 1 lit. f DSGVO dar.<\/p><p>Mehr Informationen zum Umgang mit Nutzerdaten finden Sie in der Datenschutzerkl\u00e4rung von Google: www.google.de\/intl\/de\/policies\/privacy\/ .<\/p><p>7. Analyse-Tools, automatisierte Entscheidungen<\/p><p>RAin Baltus verwendet keine Tracking- oder Analysetools. Auch werden Ihre Daten nicht im Rahmen automatisierter Entscheidungsfindung \u2013 dabei auch insbesondere nicht zu Zwecken des Profilings \u2013 verwendet.<\/p><p>8. Betroffenenrechte<\/p><p>Sie haben das Recht:<\/p><p>gem\u00e4\u00df Art. 15 DSGVO Auskunft \u00fcber Ihre von RAin Baltus verarbeiteten personenbezogenen Daten zu verlangen. Insbesondere k\u00f6nnen Sie Auskunft \u00fcber die Verarbeitungszwecke, die Kategorie der personenbezogenen Daten, die Kategorien von Empf\u00e4ngern, gegen\u00fcber denen Ihre Daten offengelegt wurden oder werden, die geplante Speicherdauer, das Bestehen eines Rechts auf Berichtigung, L\u00f6schung, Einschr\u00e4nkung der Verarbeitung oder Widerspruch, das Bestehen eines Beschwerderechts, die Herkunft Ihrer Daten, sofern diese nicht durch RAin Baltus erhoben wurden, sowie \u00fcber das Bestehen einer automatisierten Entscheidungsfindung einschlie\u00dflich Profiling und ggf. aussagekr\u00e4ftigen Informationen zu deren Einzelheiten verlangen;<br \/>gem\u00e4\u00df Art. 16 DSGVO unverz\u00fcglich die Berichtigung unrichtiger oder die Vervollst\u00e4ndigung Ihrer bei RAin Baltus gespeicherten personenbezogenen Daten zu verlangen;<br \/>gem\u00e4\u00df Art. 17 DSGVO die L\u00f6schung Ihrer bei RAin Baltus gespeicherten personenbezogenen Daten zu verlangen, soweit nicht die Verarbeitung zur Aus\u00fcbung des Rechts auf freie Meinungs\u00e4u\u00dferung und Information, zur Erf\u00fcllung einer rechtlichen Verpflichtung, aus Gr\u00fcnden des \u00f6ffentlichen Interesses oder zur Geltendmachung, Aus\u00fcbung oder Verteidigung von Rechtsanspr\u00fcchen erforderlich ist;<br \/>gem\u00e4\u00df Art. 18 DSGVO die Einschr\u00e4nkung der Verarbeitung Ihrer personenbezogenen Daten zu verlangen, soweit die Richtigkeit der Daten von Ihnen bestritten wird, die Verarbeitung unrechtm\u00e4\u00dfig ist, Sie aber deren L\u00f6schung ablehnen und RAin Baltus die Daten nicht mehr ben\u00f6tigt, Sie jedoch diese zur Geltendmachung, Aus\u00fcbung oder Verteidigung von Rechtsanspr\u00fcchen ben\u00f6tigen oder Sie gem\u00e4\u00df Art. 21 DSGVO Widerspruch gegen die Verarbeitung eingelegt haben;<br \/>gem\u00e4\u00df Art. 20 DSGVO Ihre personenbezogenen Daten, die Sie RAin Baltus bereitgestellt haben, in einem strukturierten, g\u00e4ngigen und maschinenlesbaren Format zu erhalten oder die \u00dcbermittlung an einen anderen Verantwortlichen zu verlangen;<br \/>gem\u00e4\u00df Art. 7 Abs. 3 DSGVO Ihre einmal erteilte Einwilligung jederzeit gegen\u00fcber RAin Baltus zu widerrufen. Dies hat zur Folge, dass RAin Baltus die Datenverarbeitung, die auf dieser Einwilligung beruhte, f\u00fcr die Zukunft nicht mehr fortf\u00fchren darf;<br \/>gem\u00e4\u00df Art. 77 DSGVO sich bei einer Aufsichtsbeh\u00f6rde zu beschweren. In der Regel k\u00f6nnen Sie sich hierf\u00fcr an die Aufsichtsbeh\u00f6rde Ihres \u00fcblichen Aufenthaltsortes oder Arbeitsplatzes oder des Kanzleisitzes wenden.<\/p><p><br \/>Zur Inanspruchnahme Ihrer Betroffenenrechte gen\u00fcgt eine E-Mail an cb@ra-baltus.de. Die f\u00fcr RAin Baltus zust\u00e4ndige Aufsichtsbeh\u00f6rde ist der Landesbeauftragte f\u00fcr Datenschutz und Informationsfreiheit NRW, an welchen Sie sich mit Beschwerden wenden k\u00f6nnen.<\/p><p>9. Widerspruchsrecht<\/p><p>Sofern Ihre personenbezogenen Daten auf Grundlage von berechtigten Interessen gem\u00e4\u00df Art. 6 Abs. 1 S. 1 lit. f DSGVO verarbeitet werden, haben Sie das Recht, gem\u00e4\u00df Art. 21 DSGVO Widerspruch gegen die Verarbeitung Ihrer personenbezogenen Daten einzulegen, soweit daf\u00fcr Gr\u00fcnde vorliegen, die sich aus Ihrer besonderen Situation ergeben oder sich der Widerspruch gegen Direktwerbung richtet. Im letzteren Fall haben Sie ein generelles Widerspruchsrecht, das ohne Angabe einer besonderen Situation umgesetzt wird.<\/p><p>M\u00f6chten Sie von Ihrem Widerrufs- oder Widerspruchsrecht Gebrauch machen, gen\u00fcgt eine E-Mail an cb@ra-baltus.de.<\/p><p>10. Datensicherheit<\/p><p>RAin Baltus bedient sich geeigneter technischer und organisatorischer Sicherheitsma\u00dfnahmen, um Ihre Daten gegen zuf\u00e4llige oder vors\u00e4tzliche Manipulationen, teilweisen oder vollst\u00e4ndigen Verlust, Zerst\u00f6rung oder gegen den unbefugten Zugriff Dritter zu sch\u00fctzen. Unsere Sicherheitsma\u00dfnahmen werden gem\u00e4\u00df dem Stand der Technik fortlaufend aktualisiert.<\/p><p>11. Stand und \u00c4nderung dieser Datenschutzerkl\u00e4rung<br \/>Stand dieser Datenschutzerkl\u00e4rung ist November 2020. Durch die Weiterentwicklung der Website oder durch gesetzliche und beh\u00f6rdliche Vorgaben, kann es notwendig sein, diese Datenschutzerkl\u00e4rung zu \u00e4ndern. Zuk\u00fcnftige \u00c4nderungen dieser Datenschutzerkl\u00e4rung werden auf dieser Website bekanntgegeben. \u00dcberpr\u00fcfen Sie bitte regelm\u00e4\u00dfig, ob Aktualisierungen oder \u00c4nderungen der Datenschutzbestimmungen stattgefunden haben.<\/p>\t\t\t\t\t\t<\/div>\n\t\t\t\t<\/div>\n\t\t\t\t<\/div>\n\t\t\t\t\t<\/div>\n\t\t\t\t<\/div>\n\t\t\t\t\t\t\t<\/div>\n\t\t","protected":false},"excerpt":{"rendered":"<p>zur Startseite Datenschutz Rechtsanw\u00e4ltin Christiane Baltus-Michaelsen 1. Name und Kontaktdaten des f\u00fcr die Verarbeitung Verantwortlichen sowie des betrieblichen Datenschutzbeauftragten Verantwortliche: Rechtsanw\u00e4ltin Christiane Baltus-Michaelsen (im Folgenden: RAin Baltus), Eschweilerstra\u00dfe 2, 40547 D\u00fcsseldorf, Deutschland. E-Mail: cb@ra-baltus.de, Telefon: 0177\/2333706. Datenschutzbeauftragte: Der betriebliche Datenschutzbeauftragte ist unter der oben genannten Anschrift, beziehungsweise unter cb@ra-baltus.de erreichbar. 2. Erhebung und Speicherung personenbezogener [&hellip;]<\/p>\n","protected":false},"author":1,"featured_media":0,"parent":0,"menu_order":0,"comment_status":"closed","ping_status":"closed","template":"elementor_canvas","meta":{"footnotes":""},"_links":{"self":[{"href":"https:\/\/ra-baltus.de\/index.php?rest_route=\/wp\/v2\/pages\/385"}],"collection":[{"href":"https:\/\/ra-baltus.de\/index.php?rest_route=\/wp\/v2\/pages"}],"about":[{"href":"https:\/\/ra-baltus.de\/index.php?rest_route=\/wp\/v2\/types\/page"}],"author":[{"embeddable":true,"href":"https:\/\/ra-baltus.de\/index.php?rest_route=\/wp\/v2\/users\/1"}],"replies":[{"embeddable":true,"href":"https:\/\/ra-baltus.de\/index.php?rest_route=%2Fwp%2Fv2%2Fcomments&post=385"}],"version-history":[{"count":10,"href":"https:\/\/ra-baltus.de\/index.php?rest_route=\/wp\/v2\/pages\/385\/revisions"}],"predecessor-version":[{"id":411,"href":"https:\/\/ra-baltus.de\/index.php?rest_route=\/wp\/v2\/pages\/385\/revisions\/411"}],"wp:attachment":[{"href":"https:\/\/ra-baltus.de\/index.php?rest_route=%2Fwp%2Fv2%2Fmedia&parent=385"}],"curies":[{"name":"wp","href":"https:\/\/api.w.org\/{rel}","templated":true}]}}