{"id":383,"date":"2024-01-03T11:25:41","date_gmt":"2024-01-03T11:25:41","guid":{"rendered":"https:\/\/ra-baltus.de\/?page_id=383"},"modified":"2024-01-03T11:31:44","modified_gmt":"2024-01-03T11:31:44","slug":"impressum","status":"publish","type":"page","link":"https:\/\/ra-baltus.de\/?page_id=383","title":{"rendered":"Impressum"},"content":{"rendered":"\t\t<div data-elementor-type=\"wp-page\" data-elementor-id=\"383\" class=\"elementor elementor-383\" data-elementor-post-type=\"page\">\n\t\t\t\t\t\t\t<div class=\"elementor-element elementor-element-755a668 e-con-full e-flex e-con e-parent\" data-id=\"755a668\" data-element_type=\"container\" data-settings=\"{&quot;content_width&quot;:&quot;full&quot;}\" data-core-v316-plus=\"true\">\n\t\t<div class=\"elementor-element elementor-element-77ee295 e-flex e-con-boxed e-con e-child\" data-id=\"77ee295\" data-element_type=\"container\" data-settings=\"{&quot;background_background&quot;:&quot;classic&quot;,&quot;content_width&quot;:&quot;boxed&quot;}\">\n\t\t\t\t\t<div class=\"e-con-inner\">\n\t\t<div class=\"elementor-element elementor-element-d972e4c e-con-full animated-slow e-flex elementor-invisible e-con e-child\" data-id=\"d972e4c\" data-element_type=\"container\" data-settings=\"{&quot;content_width&quot;:&quot;full&quot;,&quot;animation&quot;:&quot;fadeIn&quot;}\">\n\t\t\t\t<div class=\"elementor-element elementor-element-fa9ec76 elementor-widget elementor-widget-button\" data-id=\"fa9ec76\" data-element_type=\"widget\" data-widget_type=\"button.default\">\n\t\t\t\t<div class=\"elementor-widget-container\">\n\t\t\t\t\t<div class=\"elementor-button-wrapper\">\n\t\t\t<a class=\"elementor-button elementor-button-link elementor-size-sm\" href=\"http:\/\/www.ra-baltus.de\">\n\t\t\t\t\t\t<span class=\"elementor-button-content-wrapper\">\n\t\t\t\t\t\t<span class=\"elementor-button-text\">zur Startseite<\/span>\n\t\t<\/span>\n\t\t\t\t\t<\/a>\n\t\t<\/div>\n\t\t\t\t<\/div>\n\t\t\t\t<\/div>\n\t\t\t\t<div class=\"elementor-element elementor-element-b13d429 elementor-widget elementor-widget-heading\" data-id=\"b13d429\" data-element_type=\"widget\" data-widget_type=\"heading.default\">\n\t\t\t\t<div class=\"elementor-widget-container\">\n\t\t\t<style>\/*! elementor - v3.18.0 - 20-12-2023 *\/\n.elementor-heading-title{padding:0;margin:0;line-height:1}.elementor-widget-heading .elementor-heading-title[class*=elementor-size-]>a{color:inherit;font-size:inherit;line-height:inherit}.elementor-widget-heading .elementor-heading-title.elementor-size-small{font-size:15px}.elementor-widget-heading .elementor-heading-title.elementor-size-medium{font-size:19px}.elementor-widget-heading .elementor-heading-title.elementor-size-large{font-size:29px}.elementor-widget-heading .elementor-heading-title.elementor-size-xl{font-size:39px}.elementor-widget-heading .elementor-heading-title.elementor-size-xxl{font-size:59px}<\/style><h2 class=\"elementor-heading-title elementor-size-default\">Impressum<\/h2>\t\t<\/div>\n\t\t\t\t<\/div>\n\t\t\t\t<\/div>\n\t\t\t\t\t<\/div>\n\t\t\t\t<\/div>\n\t\t\t\t<\/div>\n\t\t<div class=\"elementor-element elementor-element-4bef379 e-flex e-con-boxed e-con e-parent\" data-id=\"4bef379\" data-element_type=\"container\" data-settings=\"{&quot;content_width&quot;:&quot;boxed&quot;}\" data-core-v316-plus=\"true\">\n\t\t\t\t\t<div class=\"e-con-inner\">\n\t\t<div class=\"elementor-element elementor-element-788e67e e-con-full animated-slow e-flex elementor-invisible e-con e-child\" data-id=\"788e67e\" data-element_type=\"container\" data-settings=\"{&quot;content_width&quot;:&quot;full&quot;,&quot;animation&quot;:&quot;fadeIn&quot;}\">\n\t\t\t\t<div class=\"elementor-element elementor-element-10654cc elementor-widget elementor-widget-text-editor\" data-id=\"10654cc\" data-element_type=\"widget\" data-widget_type=\"text-editor.default\">\n\t\t\t\t<div class=\"elementor-widget-container\">\n\t\t\t<style>\/*! elementor - v3.18.0 - 20-12-2023 *\/\n.elementor-widget-text-editor.elementor-drop-cap-view-stacked .elementor-drop-cap{background-color:#69727d;color:#fff}.elementor-widget-text-editor.elementor-drop-cap-view-framed .elementor-drop-cap{color:#69727d;border:3px solid;background-color:transparent}.elementor-widget-text-editor:not(.elementor-drop-cap-view-default) .elementor-drop-cap{margin-top:8px}.elementor-widget-text-editor:not(.elementor-drop-cap-view-default) .elementor-drop-cap-letter{width:1em;height:1em}.elementor-widget-text-editor .elementor-drop-cap{float:left;text-align:center;line-height:1;font-size:50px}.elementor-widget-text-editor .elementor-drop-cap-letter{display:inline-block}<\/style>\t\t\t\t<p>Rechtsanw\u00e4ltin Christiane Baltus-Michaelsen<br \/>Eschweilerstra\u00dfe 2<br \/>40547 D\u00fcsseldorf<br \/>Fon +49 177 2333706<br \/>E-Mail cb@ra-baltus.de<br \/>Web www.ra-baltus.de<br \/>Berufsbezeichnung und zust\u00e4ndige Kammer<br \/>Frau Rechtsanw\u00e4ltin Baltus-Michaelsen ist nach dem Recht der Bundesrepublik Deutschland zugelassen und Mitglied der Rechtsanwaltskammer D\u00fcsseldorf, Freiligrathstra\u00dfe 25 40479 D\u00fcsseldorf,Tel.: +49(0)211 49502-0, Fax: +49(0)211 49502-28<br \/>Email: info@rechtsanwaltskammer-duesseldorf.de, Internet: www.rechtsanwaltskammer-duesseldorf.de<br \/>Steuernummer<br \/>103 \/ 5008 \/ 2691<br \/>Berufshaftpflichtversicherung<br \/>AXA Versicherungs AG<br \/>Coloniaallee 10-20<br \/>51067 K\u00f6ln<br \/>Berufsrechtliche Regelungen<br \/>Es gelten die folgenden berufsrechtlichen Regelungen:<\/p><p>Bundesrechtsanwaltsordnung (BRAO)<br \/>Berufsordnung (BORA) \u2022 Fachanwaltsordnung (FAO)<br \/>Rechtsanwaltsverg\u00fctungsgesetz (RVG)<br \/>Berufsregeln der Rechtsanw\u00e4lte der Europ\u00e4ischen Union (CCBE)<\/p><p>Die berufsrechtlichen Regelungen k\u00f6nnen \u00fcber die Homepage der Bundesrechtsanwaltskammer (www.brak.de) in der Rubrik &#8222;Berufsrecht&#8220; auf Deutsch und Englisch eingesehen und abgerufen werden.<br \/>Die Wahrnehmung widerstreitender Interessen ist Rechtsanw\u00e4lten aufgrund berufsrechtlicher Regelungen untersagt (\u00a7 43a Abs. 4 BRAO). Vor Annahme eines Mandats wird deshalb immer gepr\u00fcft, ob ein Interessenkonflikt vorliegt.<br \/>Au\u00dfergerichtliche Streitschlichtung<br \/>Bei Streitigkeiten zwischen Rechtsanw\u00e4lten und ihren Auftraggebern besteht auf Antrag die M\u00f6glichkeit der au\u00dfergerichtlichen Streitschlichtung bei der regionalen Rechtsanwaltskammer D\u00fcsseldorf (gem. \u00a7 73 Abs. 2 Nr. 3 iVm Abs. 5 BRAO) oder bei der Schlichtungsstelle der Rechtsanwaltschaft (\u00a7 191 f BRAO) bei der Bundesrechtsanwaltskammer, im Internet zu finden \u00fcber die Homepage der Bundesrechtsanwaltskammer (www.brak.de), E-Mail: schlichtungsstelle@brak.de.<\/p>\t\t\t\t\t\t<\/div>\n\t\t\t\t<\/div>\n\t\t\t\t<\/div>\n\t\t\t\t\t<\/div>\n\t\t\t\t<\/div>\n\t\t\t\t\t\t\t<\/div>\n\t\t","protected":false},"excerpt":{"rendered":"<p>zur Startseite Impressum Rechtsanw\u00e4ltin Christiane Baltus-MichaelsenEschweilerstra\u00dfe 240547 D\u00fcsseldorfFon +49 177 2333706E-Mail cb@ra-baltus.deWeb www.ra-baltus.deBerufsbezeichnung und zust\u00e4ndige KammerFrau Rechtsanw\u00e4ltin Baltus-Michaelsen ist nach dem Recht der Bundesrepublik Deutschland zugelassen und Mitglied der Rechtsanwaltskammer D\u00fcsseldorf, Freiligrathstra\u00dfe 25 40479 D\u00fcsseldorf,Tel.: +49(0)211 49502-0, Fax: +49(0)211 49502-28Email: info@rechtsanwaltskammer-duesseldorf.de, Internet: www.rechtsanwaltskammer-duesseldorf.deSteuernummer103 \/ 5008 \/ 2691BerufshaftpflichtversicherungAXA Versicherungs AGColoniaallee 10-2051067 K\u00f6lnBerufsrechtliche RegelungenEs gelten die folgenden [&hellip;]<\/p>\n","protected":false},"author":1,"featured_media":0,"parent":0,"menu_order":0,"comment_status":"closed","ping_status":"closed","template":"elementor_canvas","meta":{"footnotes":""},"_links":{"self":[{"href":"https:\/\/ra-baltus.de\/index.php?rest_route=\/wp\/v2\/pages\/383"}],"collection":[{"href":"https:\/\/ra-baltus.de\/index.php?rest_route=\/wp\/v2\/pages"}],"about":[{"href":"https:\/\/ra-baltus.de\/index.php?rest_route=\/wp\/v2\/types\/page"}],"author":[{"embeddable":true,"href":"https:\/\/ra-baltus.de\/index.php?rest_route=\/wp\/v2\/users\/1"}],"replies":[{"embeddable":true,"href":"https:\/\/ra-baltus.de\/index.php?rest_route=%2Fwp%2Fv2%2Fcomments&post=383"}],"version-history":[{"count":16,"href":"https:\/\/ra-baltus.de\/index.php?rest_route=\/wp\/v2\/pages\/383\/revisions"}],"predecessor-version":[{"id":408,"href":"https:\/\/ra-baltus.de\/index.php?rest_route=\/wp\/v2\/pages\/383\/revisions\/408"}],"wp:attachment":[{"href":"https:\/\/ra-baltus.de\/index.php?rest_route=%2Fwp%2Fv2%2Fmedia&parent=383"}],"curies":[{"name":"wp","href":"https:\/\/api.w.org\/{rel}","templated":true}]}}